{"id":7060,"date":"2018-06-05T14:36:35","date_gmt":"2018-06-05T12:36:35","guid":{"rendered":"https:\/\/verderosaharrachov.cz\/verde-rosa-harrachov-pizzeria-and-apartments\/"},"modified":"2026-04-09T06:19:08","modified_gmt":"2026-04-09T04:19:08","slug":"verde-rosa-harrachov-pizzeria-and-apartments","status":"publish","type":"page","link":"https:\/\/verderosaharrachov.cz\/en\/","title":{"rendered":"Verde Rosa Harrachov &#8211; Pizzeria and Apartments"},"content":{"rendered":"<div class=\"wpb-content-wrapper\"><p>[vc_row][vc_column][rev_slider_vc alias=&#8221;fine-dining-home&#8221; enable_paspartu=&#8221;no&#8221;][\/vc_column][\/vc_row][vc_row row_content_width=&#8221;grid&#8221; content_text_aligment=&#8221;center&#8221; css=&#8221;.vc_custom_1702848869121{margin-top: -5% !important;background-color: #ffffff !important;}&#8221; el_id=&#8221;dailymenu&#8221;][vc_column css=&#8221;.vc_custom_1702797245291{margin-top: -3.8% !important;}&#8221;][vc_column_text]<script src=\"https:\/\/www.menubot.cz\/app\/users\/verderosa4559879446464611434989656\/export\/dailymenu_b.js?\" + Date.now()><\/script>[\/vc_column_text][vc_column_text]<script src=\"https:\/\/www.menubot.cz\/app\/users\/verderosa4559879446464611434989656\/export\/specialoffer0_b.js?\" + Date.now()><\/script>[\/vc_column_text][vc_empty_space height=&#8221;50px&#8221;][vc_column_text css=&#8221;.vc_custom_1773132102875{padding-right: 30px !important;padding-left: 30px !important;}&#8221;]<\/p>\n<h1 style=\"font-size: clamp(28px,3.15vw,39px); line-height: 1.02; text-align: center;\">Ristorante Verde Rosa \u2013 restaurant in the centre of Harrachov<\/h1>\n<p><\/p>\n<p style=\"font-size: clamp(14px,0.9vw,15px); line-height: 1.45; text-align: center;\">Ristorante Verde Rosa is a popular restaurant in the centre of Harrachov, where you can enjoy comfortable seating in a cosy and friendly atmosphere.<\/p>\n<p><\/p>\n<p style=\"font-size: clamp(14px,0.9vw,15px); line-height: 1.45; text-align: center;\">We specialise in wood-fired stone oven pizza, fresh pasta and modern street food specialties. If you are looking for quality pizza in Harrachov, you will find exactly what you are after with us. Our menu also includes a selection of desserts served with Trepallini coffee.<\/p>\n<p><\/p>\n<p style=\"font-size: clamp(14px,0.9vw,15px); line-height: 1.45; text-align: center;\">We are a vegan-friendly restaurant \u2013 we are happy to prepare dishes without animal ingredients and accommodate individual requirements.<\/p>\n<p><\/p>\n<p style=\"font-size: clamp(14px,0.9vw,15px); line-height: 1.45; text-align: center;\">Whether you are looking for a restaurant in Harrachov for lunch, dinner or sitting down with friends, we look forward to your visit.<\/p>\n<p><\/p>\n<p style=\"text-align: center;\">Pets are welcome.<\/p>\n<h2 style=\"font-size: clamp(22px,1.8vw,26px); line-height: 1.08; text-align: center;\">15% discount on takeaway food<\/h2>\n<p><\/p>\n<h2 style=\"font-size: clamp(22px,1.8vw,26px); line-height: 1.08; text-align: center;\">Second pizza at 50% off<\/h2>\n<p><\/p>\n<p style=\"font-size: clamp(14px,0.9vw,15px); line-height: 1.45; text-align: center;\">Valid for Margherita, Al Cotto, Funghi, Salami and Hawaii pizzas.<\/p>\n<p>[\/vc_column_text][vc_empty_space height=&#8221;50px&#8221;][\/vc_column][\/vc_row][vc_row el_id=&#8221;pizza&#8221;][vc_column][vc_single_image image=&#8221;7037&#8243; img_size=&#8221;full&#8221;][\/vc_column][\/vc_row][vc_row row_content_width=&#8221;grid&#8221; css=&#8221;.vc_custom_1702846889611{padding-top: 37px !important;padding-right: 50px !important;padding-left: 50px !important;background-color: #ffffff !important;}&#8221;][vc_column]<div class=\"mkdf-elements-holder   mkdf-one-column  mkdf-responsive-mode-768 \" ><div class=\"mkdf-eh-item    \"  data-item-class=\"mkdf-eh-custom-1053\" data-680=\"10% 0 0\">\n\t<div class=\"mkdf-eh-item-inner\">\n\t\t<div class=\"mkdf-eh-item-content mkdf-eh-custom-1053\" >\n\t\t\t<div class=\"mkdf-section-title-holder  mkdf-st-standard mkdf-st-title-left mkdf-st-normal-space \" style=\"text-align: center\">\n\t<div class=\"mkdf-st-inner\">\n\t\t\t\t\t<h2 class=\"mkdf-st-title\" >\n\t\t\t\tPizza \u00f845cm\t\t\t<\/h2>\n\t\t\t\t<div class=\"mkdf-separator-holder clearfix  mkdf-separator-center \">\n\t<div class=\"mkdf-separator\" style=\"width: 80px;border-bottom-width: 2px\"><\/div>\n<\/div>\n\t\t\t\t\t<p class=\"mkdf-st-text\" >\n\t\t\t\torder by phone 732 361 955\t\t\t<\/p>\n\t\t\t<\/div>\n<\/div>\t\t<\/div>\n\t<\/div>\n<\/div><\/div>[\/vc_column][\/vc_row][vc_row row_content_width=&#8221;grid&#8221; content_text_aligment=&#8221;center&#8221; css=&#8221;.vc_custom_1702840545205{padding-top: 25px !important;}&#8221;][vc_column][vc_column_text]<\/p>\n<div class=\"mkdf-restaurant-menu-list\">\n<ul id=\"Pizza\" class=\"mkdf-rml-holder\">\n<li style=\"display: none;\"><\/li>\n<\/ul>\n<\/div>\n<p>[\/vc_column_text][\/vc_column][\/vc_row][vc_row content_text_aligment=&#8221;center&#8221; css=&#8221;.vc_custom_1530183674584{padding-top: 112px !important;}&#8221;][vc_column]<div class=\"mkdf-section-title-holder  mkdf-st-standard mkdf-st-title-left mkdf-st-normal-space \" >\n\t<div class=\"mkdf-st-inner\">\n\t\t\t\t\t<h2 class=\"mkdf-st-title\" >\n\t\t\t\tGalerie\t\t\t<\/h2>\n\t\t\t\t<div class=\"mkdf-separator-holder clearfix   \">\n\t<div class=\"mkdf-separator\" style=\"width: 80px;border-bottom-width: 2px\"><\/div>\n<\/div>\n\t\t\t<\/div>\n<\/div>[vc_empty_space height=&#8221;25px&#8221;][vc_row_inner content_text_aligment=&#8221;left&#8221;][vc_column_inner][vc_masonry_media_grid gap=&#8221;15&#8243; grid_id=&#8221;vc_gid:1773131826554-eba5379f-e2f8-6&#8243; include=&#8221;6775,6831,6767,6811,6803,6791,6747,6755&#8243;][\/vc_column_inner][\/vc_row_inner][\/vc_column][\/vc_row][vc_row row_content_width=&#8221;grid&#8221; content_text_aligment=&#8221;left&#8221; css=&#8221;.vc_custom_1702886741106{padding-top: 30px !important;padding-bottom: 50px !important;}&#8221; el_id=&#8221;menu&#8221;][vc_column width=&#8221;1\/3&#8243;][vc_custom_heading text=&#8221;Antipasti&#8221; font_container=&#8221;tag:h3|text_align:left&#8221; use_theme_fonts=&#8221;yes&#8221;][vc_column_text]<\/p>\n<div class=\"mkdf-restaurant-menu-list\">\n<ul id=\"Antipasti\" class=\"mkdf-rml-holder\">\n<li style=\"display: none;\"><\/li>\n<\/ul>\n<\/div>\n<p>[\/vc_column_text][vc_custom_heading text=&#8221;Zuppe&#8221; font_container=&#8221;tag:h3|text_align:left&#8221; use_theme_fonts=&#8221;yes&#8221;][vc_column_text]<\/p>\n<div class=\"mkdf-restaurant-menu-list\">\n<ul id=\"Zuppe\" class=\"mkdf-rml-holder\">\n<li style=\"display: none;\"><\/li>\n<\/ul>\n<\/div>\n<p>[\/vc_column_text][\/vc_column][vc_column width=&#8221;1\/3&#8243;][vc_custom_heading text=&#8221;Pasta&#8221; font_container=&#8221;tag:h3|text_align:left&#8221; use_theme_fonts=&#8221;yes&#8221;][vc_column_text]<\/p>\n<div class=\"mkdf-restaurant-menu-list\">\n<ul id=\"Pasta\" class=\"mkdf-rml-holder\">\n<li style=\"display: none;\"><\/li>\n<\/ul>\n<\/div>\n<p>[\/vc_column_text][\/vc_column][vc_column width=&#8221;1\/3&#8243;][vc_custom_heading text=&#8221;Risotto&#8221; font_container=&#8221;tag:h3|text_align:left&#8221; use_theme_fonts=&#8221;yes&#8221;][vc_column_text]<\/p>\n<div class=\"mkdf-restaurant-menu-list\">\n<ul id=\"Risotto\" class=\"mkdf-rml-holder\">\n<li style=\"display: none;\"><\/li>\n<\/ul>\n<\/div>\n<p>[\/vc_column_text][vc_custom_heading text=&#8221;Dolci&#8221; font_container=&#8221;tag:h3|text_align:left&#8221; use_theme_fonts=&#8221;yes&#8221;][vc_column_text]<\/p>\n<div class=\"mkdf-restaurant-menu-list\">\n<ul id=\"Dolci\" class=\"mkdf-rml-holder\">\n<li style=\"display: none;\"><\/li>\n<\/ul>\n<\/div>\n<p>[\/vc_column_text][\/vc_column][\/vc_row][vc_row content_text_aligment=&#8221;center&#8221; css=&#8221;.vc_custom_1702887352400{margin-bottom: 30px !important;}&#8221;][vc_column][vc_single_image image=&#8221;7042&#8243; img_size=&#8221;full&#8221;][\/vc_column][\/vc_row][vc_row row_content_width=&#8221;grid&#8221; content_text_aligment=&#8221;left&#8221; css=&#8221;.vc_custom_1702886748353{padding-bottom: 50px !important;}&#8221;][vc_column width=&#8221;1\/3&#8243;][vc_custom_heading text=&#8221;Aperitives&#8221; font_container=&#8221;tag:h3|text_align:left&#8221; use_theme_fonts=&#8221;yes&#8221;][vc_column_text]<\/p>\n<div class=\"mkdf-restaurant-menu-list\">\n<ul id=\"Aperitivy\" class=\"mkdf-rml-holder\">\n<li style=\"display: none;\"><\/li>\n<\/ul>\n<\/div>\n<p>[\/vc_column_text][vc_custom_heading text=&#8221;Distillates&#8221; font_container=&#8221;tag:h3|text_align:left&#8221; use_theme_fonts=&#8221;yes&#8221;][vc_column_text]<\/p>\n<div class=\"mkdf-restaurant-menu-list\">\n<ul id=\"Destilaty\" class=\"mkdf-rml-holder\">\n<li style=\"display: none;\"><\/li>\n<\/ul>\n<\/div>\n<p>[\/vc_column_text][\/vc_column][vc_column width=&#8221;1\/3&#8243;][vc_custom_heading text=&#8221;Beer&#8221; font_container=&#8221;tag:h3|text_align:left&#8221; use_theme_fonts=&#8221;yes&#8221;][vc_column_text]<\/p>\n<div class=\"mkdf-restaurant-menu-list\">\n<ul id=\"Pivo\" class=\"mkdf-rml-holder\">\n<li style=\"display: none;\"><\/li>\n<\/ul>\n<\/div>\n<p>[\/vc_column_text][vc_custom_heading text=&#8221;Non-alcoholic&#8221; font_container=&#8221;tag:h3|text_align:left&#8221; use_theme_fonts=&#8221;yes&#8221;][vc_column_text]<\/p>\n<div class=\"mkdf-restaurant-menu-list\">\n<ul id=\"Nealko\" class=\"mkdf-rml-holder\">\n<li style=\"display: none;\"><\/li>\n<\/ul>\n<\/div>\n<p>[\/vc_column_text][\/vc_column][vc_column width=&#8221;1\/3&#8243;][vc_custom_heading text=&#8221;Coffee Trepallini&#8221; font_container=&#8221;tag:h3|text_align:left&#8221; use_theme_fonts=&#8221;yes&#8221;][vc_column_text]<\/p>\n<div class=\"mkdf-restaurant-menu-list\">\n<ul id=\"KavaTrepallini\" class=\"mkdf-rml-holder\">\n<li style=\"display: none;\"><\/li>\n<\/ul>\n<\/div>\n<p>[\/vc_column_text][vc_custom_heading text=&#8221;Hot drinks&#8221; font_container=&#8221;tag:h3|text_align:left&#8221; use_theme_fonts=&#8221;yes&#8221;][vc_column_text]<\/p>\n<div class=\"mkdf-restaurant-menu-list\">\n<ul id=\"Horkenapoje\" class=\"mkdf-rml-holder\">\n<li style=\"display: none;\"><\/li>\n<\/ul>\n<\/div>\n<p>[\/vc_column_text][\/vc_column][\/vc_row][vc_row content_text_aligment=&#8221;center&#8221; el_id=&#8221;accommodation&#8221;][vc_column][vc_single_image image=&#8221;7046&#8243; img_size=&#8221;full&#8221;][\/vc_column][\/vc_row][vc_row row_content_width=&#8221;grid&#8221; css=&#8221;.vc_custom_1702849076298{padding-top: 37px !important;padding-right: 50px !important;padding-bottom: 40px !important;padding-left: 50px !important;background-color: #ffffff !important;}&#8221;][vc_column]<div class=\"mkdf-elements-holder   mkdf-one-column  mkdf-responsive-mode-768 \" ><div class=\"mkdf-eh-item    \"  data-item-class=\"mkdf-eh-custom-6330\" data-680=\"10% 0 0\">\n\t<div class=\"mkdf-eh-item-inner\">\n\t\t<div class=\"mkdf-eh-item-content mkdf-eh-custom-6330\" >\n\t\t\t<div class=\"mkdf-section-title-holder  mkdf-st-standard mkdf-st-title-left mkdf-st-normal-space \" style=\"text-align: center\">\n\t<div class=\"mkdf-st-inner\">\n\t\t\t\t\t<h2 class=\"mkdf-st-title\" >\n\t\t\t\tUbytov\u00e1n\u00ed v apartm\u00e1nu\t\t\t<\/h2>\n\t\t\t\t<div class=\"mkdf-separator-holder clearfix  mkdf-separator-center \">\n\t<div class=\"mkdf-separator\" style=\"width: 80px;border-bottom-width: 2px\"><\/div>\n<\/div>\n\t\t\t\t\t<p class=\"mkdf-st-text\" >\n\t\t\t\trezervujte na telefonu +420 777 100 367\t\t\t<\/p>\n\t\t\t<\/div>\n<\/div>\t\t<\/div>\n\t<\/div>\n<\/div><\/div>[vc_column_text css=&#8221;.vc_custom_1742127378289{padding-top: 30px !important;}&#8221;]<\/p>\n<p style=\"text-align: center;\" data-start=\"61\" data-end=\"217\"><strong data-start=\"61\" data-end=\"136\">Enjoy an off-season stay from just 800 CZK\/person, including breakfast!<\/strong><\/p>\n<p><\/p>\n<p style=\"text-align: center;\" data-start=\"61\" data-end=\"217\">Upgrade your experience with our delicious half-board option for only 250 CZK.<\/p>\n<p><\/p>\n<p style=\"text-align: center;\" data-start=\"219\" data-end=\"260\"><strong data-start=\"219\" data-end=\"260\">Plus, get 15% off all takeaway meals!<\/strong><\/p>\n<p><\/p>\n<p style=\"text-align: center;\" data-start=\"262\" data-end=\"349\" data-is-last-node=\"\" data-is-only-node=\"\">From March 1, we&#8217;re open daily from 12:00 to 21:30.<br \/>\nWe look forward to welcoming you!<\/p>\n<p>[\/vc_column_text][vc_empty_space height=&#8221;30px&#8221;][vc_column_text css=&#8221;.vc_custom_1742127370429{padding-top: 30px !important;}&#8221;]<\/p>\n<p style=\"text-align: center;\">Penzion Verde Rosa is located in Harrachov, 12 km from Szklarki and Kamienczyk Waterfalls. It offers a bar and free private parking. The property is 13 km from Szklarska Poreba Bus Station, 14 km from Izerska Train Station and 15 km from Dinopark. The guest house is 16 km from Death Curve and 40 km from Wang Church.<\/p>\n<p><\/p>\n<p style=\"text-align: center;\">Rooms feature a flat-screen TV. Rooms have an electric kettle, a private bathroom and free Wi-Fi. Some have a terrace and some have mountain views. Bed linen and towels are provided.<\/p>\n<p><\/p>\n<p style=\"text-align: center;\">A vegetarian or vegan breakfast buffet is served every morning. During the colder months, guests can enjoy winter sports in the surrounding area.<\/p>\n<p><\/p>\n<p style=\"text-align: center;\">The guest house is 40 km from the Str\u00e1\u017ene bus stop and 43 km from Western Town. Pardubice Airport is 115 km away.<\/p>\n<p>[\/vc_column_text][vc_column_text css=&#8221;.vc_custom_1702848533739{padding-top: 20px !important;padding-bottom: 50px !important;}&#8221;]<\/p>\n<p style=\"text-align: center;\"><strong>Double Room with Mountain View<br \/>\n<\/strong>\ud83e\uddcd\ud83e\uddcd<\/p>\n<p><\/p>\n<p style=\"text-align: center;\"><strong>Triple Room with Mountain View<br \/>\n<\/strong>\ud83e\uddcd\ud83e\uddcd\ud83e\uddcd<\/p>\n<p><\/p>\n<p style=\"text-align: center;\"><strong>Quadruple Comfort Room<br \/>\n<\/strong>\ud83e\uddcd\ud83e\uddcd\ud83e\uddcd\ud83e\uddcd<\/p>\n<p><\/p>\n<p style=\"text-align: center;\"><strong>Triple Comfort Room<br \/>\n\ud83e\uddcd\ud83e\uddcd\ud83e\uddcd<\/strong><\/p>\n<p><\/p>\n<p style=\"text-align: center;\"><strong>Quadruple Room with Mountain View<br \/>\n<\/strong>\ud83e\uddcd\ud83e\uddcd\ud83e\uddcd\ud83e\uddcd<\/p>\n<p>[\/vc_column_text][vc_masonry_media_grid gap=&#8221;15&#8243; grid_id=&#8221;vc_gid:1773131826577-afc4fbc2-2229-3&#8243; include=&#8221;6819,6827,6815&#8243;][\/vc_column][\/vc_row][vc_row][vc_column][vc_column_text]<script src=\"https:\/\/www.menubot.cz\/app\/users\/verderosa4559879446464611434989656\/export\/standardmenu1_b.js?\" + Date.now()><\/script>[\/vc_column_text][\/vc_column][\/vc_row]<\/p>\n<\/div>","protected":false},"excerpt":{"rendered":"<p>[vc_row][vc_column][rev_slider_vc alias=&#8221;fine-dining-home&#8221; enable_paspartu=&#8221;no&#8221;][\/vc_column][\/vc_row][vc_row row_content_width=&#8221;grid&#8221; content_text_aligment=&#8221;center&#8221; css=&#8221;.vc_custom_1702848869121{margin-top: -5% !important;background-color: #ffffff !important;}&#8221; el_id=&#8221;dailymenu&#8221;][vc_column css=&#8221;.vc_custom_1702797245291{margin-top: -3.8% !important;}&#8221;][vc_column_text][\/vc_column_text][vc_column_text][\/vc_column_text][vc_empty_space height=&#8221;50px&#8221;][vc_column_text css=&#8221;.vc_custom_1773132102875{padding-right: 30px !important;padding-left: 30px !important;}&#8221;] Ristorante Verde Rosa \u2013 restaurant in the centre of Harrachov Ristorante Verde Rosa is a popular restaurant in the centre of Harrachov, where you can enjoy comfortable seating in a cosy and friendly atmosphere. We specialise in wood-fired stone oven pizza, fresh pasta and modern street food specialties. If you are looking for quality pizza in Harrachov, you will find exactly what you are after with us. Our menu also includes a selection of desserts served with Trepallini coffee. We [&hellip;]<\/p>\n","protected":false},"author":1,"featured_media":6771,"parent":0,"menu_order":0,"comment_status":"closed","ping_status":"closed","template":"full-width.php","meta":{"footnotes":""},"class_list":["post-7060","page","type-page","status-publish","has-post-thumbnail","hentry"],"yoast_head":"<!-- This site is optimized with the Yoast SEO plugin v27.5 - https:\/\/yoast.com\/product\/yoast-seo-wordpress\/ -->\n<title>Verde Rosa Harrachov: Wood-Fired Pizza, Fresh Pasta &amp; Rooms<\/title>\n<meta name=\"description\" content=\"Wood-fired stone-oven pizza, fresh pasta and modern street food in central Harrachov. ... Vegan-friendly options, desserts with Trepallini coffee and pet-friendly seating. ... Rooms with parking, Wi\u2011Fi and breakfast.\" \/>\n<meta name=\"robots\" content=\"index, follow, max-snippet:-1, max-image-preview:large, max-video-preview:-1\" \/>\n<link rel=\"canonical\" href=\"https:\/\/verderosaharrachov.cz\/en\/\" \/>\n<meta property=\"og:locale\" content=\"en_US\" \/>\n<meta property=\"og:type\" content=\"article\" \/>\n<meta property=\"og:title\" content=\"Verde Rosa Harrachov: Wood-Fired Pizza, Fresh Pasta &amp; Rooms\" \/>\n<meta property=\"og:description\" content=\"Wood-fired stone-oven pizza, fresh pasta and modern street food in central Harrachov. ... Vegan-friendly options, desserts with Trepallini coffee and pet-friendly seating. ... Rooms with parking, Wi\u2011Fi and breakfast.\" \/>\n<meta property=\"og:url\" content=\"https:\/\/verderosaharrachov.cz\/en\/\" \/>\n<meta property=\"og:site_name\" content=\"Verde Rosa Harrachov\" \/>\n<meta property=\"article:modified_time\" content=\"2026-04-09T04:19:08+00:00\" \/>\n<meta property=\"og:image\" content=\"https:\/\/verderosaharrachov.cz\/wp-content\/uploads\/2023\/12\/verde-rosa-pizza-harrachov-09.jpg\" \/>\n\t<meta property=\"og:image:width\" content=\"1920\" \/>\n\t<meta property=\"og:image:height\" content=\"1280\" \/>\n\t<meta property=\"og:image:type\" content=\"image\/jpeg\" \/>\n<meta name=\"twitter:card\" content=\"summary_large_image\" \/>\n<meta name=\"twitter:label1\" content=\"Est. reading time\" \/>\n\t<meta name=\"twitter:data1\" content=\"3 minutes\" \/>\n<script type=\"application\/ld+json\" class=\"yoast-schema-graph\">{\"@context\":\"https:\\\/\\\/schema.org\",\"@graph\":[{\"@type\":\"WebPage\",\"@id\":\"https:\\\/\\\/verderosaharrachov.cz\\\/en\\\/\",\"url\":\"https:\\\/\\\/verderosaharrachov.cz\\\/en\\\/\",\"name\":\"Verde Rosa Harrachov: Wood-Fired Pizza, Fresh Pasta & Rooms\",\"isPartOf\":{\"@id\":\"https:\\\/\\\/verderosaharrachov.cz\\\/en\\\/#website\"},\"primaryImageOfPage\":{\"@id\":\"https:\\\/\\\/verderosaharrachov.cz\\\/en\\\/#primaryimage\"},\"image\":{\"@id\":\"https:\\\/\\\/verderosaharrachov.cz\\\/en\\\/#primaryimage\"},\"thumbnailUrl\":\"https:\\\/\\\/verderosaharrachov.cz\\\/wp-content\\\/uploads\\\/2023\\\/12\\\/verde-rosa-pizza-harrachov-09.jpg\",\"datePublished\":\"2018-06-05T12:36:35+00:00\",\"dateModified\":\"2026-04-09T04:19:08+00:00\",\"description\":\"Wood-fired stone-oven pizza, fresh pasta and modern street food in central Harrachov. ... Vegan-friendly options, desserts with Trepallini coffee and pet-friendly seating. ... Rooms with parking, Wi\u2011Fi and breakfast.\",\"breadcrumb\":{\"@id\":\"https:\\\/\\\/verderosaharrachov.cz\\\/en\\\/#breadcrumb\"},\"inLanguage\":\"en-US\",\"potentialAction\":[{\"@type\":\"ReadAction\",\"target\":[\"https:\\\/\\\/verderosaharrachov.cz\\\/en\\\/\"]}]},{\"@type\":\"ImageObject\",\"inLanguage\":\"en-US\",\"@id\":\"https:\\\/\\\/verderosaharrachov.cz\\\/en\\\/#primaryimage\",\"url\":\"https:\\\/\\\/verderosaharrachov.cz\\\/wp-content\\\/uploads\\\/2023\\\/12\\\/verde-rosa-pizza-harrachov-09.jpg\",\"contentUrl\":\"https:\\\/\\\/verderosaharrachov.cz\\\/wp-content\\\/uploads\\\/2023\\\/12\\\/verde-rosa-pizza-harrachov-09.jpg\",\"width\":1920,\"height\":1280,\"caption\":\"Verde Rosa Pizza Harrachov\"},{\"@type\":\"BreadcrumbList\",\"@id\":\"https:\\\/\\\/verderosaharrachov.cz\\\/en\\\/#breadcrumb\",\"itemListElement\":[{\"@type\":\"ListItem\",\"position\":1,\"name\":\"Dom\u016f\",\"item\":\"https:\\\/\\\/verderosaharrachov.cz\\\/en\\\/\"},{\"@type\":\"ListItem\",\"position\":2,\"name\":\"Verde Rosa Harrachov &#8211; Pizzeria and Apartments\"}]},{\"@type\":\"WebSite\",\"@id\":\"https:\\\/\\\/verderosaharrachov.cz\\\/en\\\/#website\",\"url\":\"https:\\\/\\\/verderosaharrachov.cz\\\/en\\\/\",\"name\":\"Verde Rosa Harrachov\",\"description\":\"\",\"potentialAction\":[{\"@type\":\"SearchAction\",\"target\":{\"@type\":\"EntryPoint\",\"urlTemplate\":\"https:\\\/\\\/verderosaharrachov.cz\\\/en\\\/?s={search_term_string}\"},\"query-input\":{\"@type\":\"PropertyValueSpecification\",\"valueRequired\":true,\"valueName\":\"search_term_string\"}}],\"inLanguage\":\"en-US\"}]}<\/script>\n<!-- \/ Yoast SEO plugin. -->","yoast_head_json":{"title":"Verde Rosa Harrachov: Wood-Fired Pizza, Fresh Pasta & Rooms","description":"Wood-fired stone-oven pizza, fresh pasta and modern street food in central Harrachov. ... Vegan-friendly options, desserts with Trepallini coffee and pet-friendly seating. ... Rooms with parking, Wi\u2011Fi and breakfast.","robots":{"index":"index","follow":"follow","max-snippet":"max-snippet:-1","max-image-preview":"max-image-preview:large","max-video-preview":"max-video-preview:-1"},"canonical":"https:\/\/verderosaharrachov.cz\/en\/","og_locale":"en_US","og_type":"article","og_title":"Verde Rosa Harrachov: Wood-Fired Pizza, Fresh Pasta & Rooms","og_description":"Wood-fired stone-oven pizza, fresh pasta and modern street food in central Harrachov. ... Vegan-friendly options, desserts with Trepallini coffee and pet-friendly seating. ... Rooms with parking, Wi\u2011Fi and breakfast.","og_url":"https:\/\/verderosaharrachov.cz\/en\/","og_site_name":"Verde Rosa Harrachov","article_modified_time":"2026-04-09T04:19:08+00:00","og_image":[{"width":1920,"height":1280,"url":"https:\/\/verderosaharrachov.cz\/wp-content\/uploads\/2023\/12\/verde-rosa-pizza-harrachov-09.jpg","type":"image\/jpeg"}],"twitter_card":"summary_large_image","twitter_misc":{"Est. reading time":"3 minutes"},"schema":{"@context":"https:\/\/schema.org","@graph":[{"@type":"WebPage","@id":"https:\/\/verderosaharrachov.cz\/en\/","url":"https:\/\/verderosaharrachov.cz\/en\/","name":"Verde Rosa Harrachov: Wood-Fired Pizza, Fresh Pasta & Rooms","isPartOf":{"@id":"https:\/\/verderosaharrachov.cz\/en\/#website"},"primaryImageOfPage":{"@id":"https:\/\/verderosaharrachov.cz\/en\/#primaryimage"},"image":{"@id":"https:\/\/verderosaharrachov.cz\/en\/#primaryimage"},"thumbnailUrl":"https:\/\/verderosaharrachov.cz\/wp-content\/uploads\/2023\/12\/verde-rosa-pizza-harrachov-09.jpg","datePublished":"2018-06-05T12:36:35+00:00","dateModified":"2026-04-09T04:19:08+00:00","description":"Wood-fired stone-oven pizza, fresh pasta and modern street food in central Harrachov. ... Vegan-friendly options, desserts with Trepallini coffee and pet-friendly seating. ... Rooms with parking, Wi\u2011Fi and breakfast.","breadcrumb":{"@id":"https:\/\/verderosaharrachov.cz\/en\/#breadcrumb"},"inLanguage":"en-US","potentialAction":[{"@type":"ReadAction","target":["https:\/\/verderosaharrachov.cz\/en\/"]}]},{"@type":"ImageObject","inLanguage":"en-US","@id":"https:\/\/verderosaharrachov.cz\/en\/#primaryimage","url":"https:\/\/verderosaharrachov.cz\/wp-content\/uploads\/2023\/12\/verde-rosa-pizza-harrachov-09.jpg","contentUrl":"https:\/\/verderosaharrachov.cz\/wp-content\/uploads\/2023\/12\/verde-rosa-pizza-harrachov-09.jpg","width":1920,"height":1280,"caption":"Verde Rosa Pizza Harrachov"},{"@type":"BreadcrumbList","@id":"https:\/\/verderosaharrachov.cz\/en\/#breadcrumb","itemListElement":[{"@type":"ListItem","position":1,"name":"Dom\u016f","item":"https:\/\/verderosaharrachov.cz\/en\/"},{"@type":"ListItem","position":2,"name":"Verde Rosa Harrachov &#8211; Pizzeria and Apartments"}]},{"@type":"WebSite","@id":"https:\/\/verderosaharrachov.cz\/en\/#website","url":"https:\/\/verderosaharrachov.cz\/en\/","name":"Verde Rosa Harrachov","description":"","potentialAction":[{"@type":"SearchAction","target":{"@type":"EntryPoint","urlTemplate":"https:\/\/verderosaharrachov.cz\/en\/?s={search_term_string}"},"query-input":{"@type":"PropertyValueSpecification","valueRequired":true,"valueName":"search_term_string"}}],"inLanguage":"en-US"}]}},"_links":{"self":[{"href":"https:\/\/verderosaharrachov.cz\/en\/wp-json\/wp\/v2\/pages\/7060","targetHints":{"allow":["GET"]}}],"collection":[{"href":"https:\/\/verderosaharrachov.cz\/en\/wp-json\/wp\/v2\/pages"}],"about":[{"href":"https:\/\/verderosaharrachov.cz\/en\/wp-json\/wp\/v2\/types\/page"}],"author":[{"embeddable":true,"href":"https:\/\/verderosaharrachov.cz\/en\/wp-json\/wp\/v2\/users\/1"}],"replies":[{"embeddable":true,"href":"https:\/\/verderosaharrachov.cz\/en\/wp-json\/wp\/v2\/comments?post=7060"}],"version-history":[{"count":24,"href":"https:\/\/verderosaharrachov.cz\/en\/wp-json\/wp\/v2\/pages\/7060\/revisions"}],"predecessor-version":[{"id":7180,"href":"https:\/\/verderosaharrachov.cz\/en\/wp-json\/wp\/v2\/pages\/7060\/revisions\/7180"}],"wp:featuredmedia":[{"embeddable":true,"href":"https:\/\/verderosaharrachov.cz\/en\/wp-json\/wp\/v2\/media\/6771"}],"wp:attachment":[{"href":"https:\/\/verderosaharrachov.cz\/en\/wp-json\/wp\/v2\/media?parent=7060"}],"curies":[{"name":"wp","href":"https:\/\/api.w.org\/{rel}","templated":true}]}}